{"id":7,"date":"2022-09-06T10:48:53","date_gmt":"2022-09-06T13:48:53","guid":{"rendered":"https:\/\/npidsv.brb.com.br\/brbredimentos\/?page_id=6"},"modified":"2026-03-11T13:08:29","modified_gmt":"2026-03-11T16:08:29","slug":"home","status":"publish","type":"page","link":"https:\/\/brbnovo.brb.com.br\/brbrendimentos\/","title":{"rendered":"BRB Rendimentos"},"content":{"rendered":"<div class=\"blockposts-centered__content\" style=\"margin-top: 10px;\">\n<header>\n<h1 class=\"bordered-bottom-title\">Disponibiliza\u00e7\u00e3o dos Comprovantes e Informes de Rendimentos<\/h1>\n<\/header>\n<p>Os Informes de Rendimentos Financeiros e Comprovantes de Rendimentos para clientes e prestadores de servi\u00e7os encontram-se dispon\u00edveis no Banknet e no Mobile BRB.<\/p>\n<p>Para os clientes e prestadores de servi\u00e7os que n\u00e3o utilizam os canais digitais, assim como para os n\u00e3o clientes, o BRB disponibilizou o Portal de Rendimentos, para acess\u00e1-lo. Como emitir o informe de Rendimentos para Declara\u00e7\u00e3o de Imposto de Renda <a href=\"https:\/\/brbnovo.brb.com.br\/brbrendimentos\/informes-de-rendimentos\/\">clique aqui<\/a>.<\/p>\n<p><i>Fonte: Sucoc\/Getri<\/i><\/p>\n<\/div>\n","protected":false},"excerpt":{"rendered":"<p>Disponibiliza\u00e7\u00e3o dos Comprovantes e Informes de Rendimentos Os Informes de Rendimentos Financeiros e Comprovantes de Rendimentos para clientes e prestadores de servi\u00e7os encontram-se dispon\u00edveis no Banknet e no Mobile BRB. Para os clientes e prestadores de servi\u00e7os que n\u00e3o utilizam os canais digitais, assim como para os n\u00e3o clientes, o BRB disponibilizou o Portal de [&hellip;]<\/p>\n","protected":false},"author":2,"featured_media":56,"parent":0,"menu_order":0,"comment_status":"closed","ping_status":"closed","template":"page-home.php","meta":[],"_links":{"self":[{"href":"https:\/\/brbnovo.brb.com.br\/brbrendimentos\/wp-json\/wp\/v2\/pages\/7"}],"collection":[{"href":"https:\/\/brbnovo.brb.com.br\/brbrendimentos\/wp-json\/wp\/v2\/pages"}],"about":[{"href":"https:\/\/brbnovo.brb.com.br\/brbrendimentos\/wp-json\/wp\/v2\/types\/page"}],"author":[{"embeddable":true,"href":"https:\/\/brbnovo.brb.com.br\/brbrendimentos\/wp-json\/wp\/v2\/users\/2"}],"replies":[{"embeddable":true,"href":"https:\/\/brbnovo.brb.com.br\/brbrendimentos\/wp-json\/wp\/v2\/comments?post=7"}],"version-history":[{"count":19,"href":"https:\/\/brbnovo.brb.com.br\/brbrendimentos\/wp-json\/wp\/v2\/pages\/7\/revisions"}],"predecessor-version":[{"id":106,"href":"https:\/\/brbnovo.brb.com.br\/brbrendimentos\/wp-json\/wp\/v2\/pages\/7\/revisions\/106"}],"wp:featuredmedia":[{"embeddable":true,"href":"https:\/\/brbnovo.brb.com.br\/brbrendimentos\/wp-json\/wp\/v2\/media\/56"}],"wp:attachment":[{"href":"https:\/\/brbnovo.brb.com.br\/brbrendimentos\/wp-json\/wp\/v2\/media?parent=7"}],"curies":[{"name":"wp","href":"https:\/\/api.w.org\/{rel}","templated":true}]}}